{"id":11601,"date":"2022-09-23T20:27:43","date_gmt":"2022-09-23T18:27:43","guid":{"rendered":"http:\/\/www.florever-by-chris.fr\/?page_id=11601"},"modified":"2022-11-27T21:16:00","modified_gmt":"2022-11-27T20:16:00","slug":"a-propos","status":"publish","type":"page","link":"http:\/\/www.florever-by-chris.fr\/?page_id=11601","title":{"rendered":"Pr\u00e9sentation"},"content":{"rendered":"\n<p> <figure class=\"wp-block-image size-large\"><\/p>\n\n\n\n<div class=\"wp-block-columns is-layout-flex wp-container-core-columns-is-layout-9d6595d7 wp-block-columns-is-layout-flex\">\n<div class=\"wp-block-column is-layout-flow wp-block-column-is-layout-flow\">\n<figure class=\"wp-block-image size-large\"><img loading=\"lazy\" decoding=\"async\" width=\"1024\" height=\"1024\" src=\"http:\/\/www.florever-by-chris.fr\/wp-content\/uploads\/2022\/11\/586A9545-1024x1024.jpg\" alt=\"\" class=\"wp-image-11844\" srcset=\"http:\/\/www.florever-by-chris.fr\/wp-content\/uploads\/2022\/11\/586A9545-1024x1024.jpg 1024w, http:\/\/www.florever-by-chris.fr\/wp-content\/uploads\/2022\/11\/586A9545-300x300.jpg 300w, http:\/\/www.florever-by-chris.fr\/wp-content\/uploads\/2022\/11\/586A9545-150x150.jpg 150w, http:\/\/www.florever-by-chris.fr\/wp-content\/uploads\/2022\/11\/586A9545-768x768.jpg 768w, http:\/\/www.florever-by-chris.fr\/wp-content\/uploads\/2022\/11\/586A9545.jpg 1200w\" sizes=\"auto, (max-width: 1024px) 100vw, 1024px\" \/><\/figure>\n<\/div>\n\n\n\n<div class=\"wp-block-column is-layout-flow wp-block-column-is-layout-flow\">\n<p>Bas\u00e9e \u00e0 La Ciotat (13), d\u00e9coratrice et organisatrice d&rsquo;\u00e9v\u00e9nements passionn\u00e9e, je vous accompagne et vous propose tout ce dont vous avez r\u00eav\u00e9 pour l&rsquo;organisation de vos \u00e9v\u00e9nements&#8230;. fleurir votre salle, une arche, vos cheveux, un v\u00e9lo, une voiture, r\u00e9aliser vos diff\u00e9rents \u00e9l\u00e9ments de d\u00e9corations&#8230;.. pas de limite.<\/p>\n\n\n\n<p>Un mariage, un bapt\u00eame, un anniversaire, une communion ou tout simplement une r\u00e9union de famille&#8230;..votre \u00e9v\u00e9nement sera unique<\/p>\n\n\n\n<p>Chris<\/p>\n<\/div>\n<\/div>\n\n\n\n<p><\/p>\n","protected":false},"excerpt":{"rendered":"<p>Bas\u00e9e \u00e0 La Ciotat (13), d\u00e9coratrice et organisatrice d&rsquo;\u00e9v\u00e9nements passionn\u00e9e, je vous accompagne et vous propose tout ce dont vous avez r\u00eav\u00e9 pour l&rsquo;organisation de vos \u00e9v\u00e9nements&#8230;. fleurir votre salle, une arche, vos cheveux, un v\u00e9lo, une voiture, r\u00e9aliser vos diff\u00e9rents \u00e9l\u00e9ments de d\u00e9corations&#8230;.. pas de limite. Un mariage, un bapt\u00eame, un anniversaire, une communion&#8230; <\/p>\n<div class=\"link-more\"><a href=\"http:\/\/www.florever-by-chris.fr\/?page_id=11601\">Lire plus<\/a><\/div>\n","protected":false},"author":1,"featured_media":0,"parent":0,"menu_order":0,"comment_status":"closed","ping_status":"closed","template":"","meta":{"ngg_post_thumbnail":0,"footnotes":""},"class_list":["post-11601","page","type-page","status-publish","hentry"],"jetpack_sharing_enabled":true,"_links":{"self":[{"href":"http:\/\/www.florever-by-chris.fr\/index.php?rest_route=\/wp\/v2\/pages\/11601","targetHints":{"allow":["GET"]}}],"collection":[{"href":"http:\/\/www.florever-by-chris.fr\/index.php?rest_route=\/wp\/v2\/pages"}],"about":[{"href":"http:\/\/www.florever-by-chris.fr\/index.php?rest_route=\/wp\/v2\/types\/page"}],"author":[{"embeddable":true,"href":"http:\/\/www.florever-by-chris.fr\/index.php?rest_route=\/wp\/v2\/users\/1"}],"replies":[{"embeddable":true,"href":"http:\/\/www.florever-by-chris.fr\/index.php?rest_route=%2Fwp%2Fv2%2Fcomments&post=11601"}],"version-history":[{"count":4,"href":"http:\/\/www.florever-by-chris.fr\/index.php?rest_route=\/wp\/v2\/pages\/11601\/revisions"}],"predecessor-version":[{"id":11965,"href":"http:\/\/www.florever-by-chris.fr\/index.php?rest_route=\/wp\/v2\/pages\/11601\/revisions\/11965"}],"wp:attachment":[{"href":"http:\/\/www.florever-by-chris.fr\/index.php?rest_route=%2Fwp%2Fv2%2Fmedia&parent=11601"}],"curies":[{"name":"wp","href":"https:\/\/api.w.org\/{rel}","templated":true}]}}